{"id":2097,"date":"2025-12-18T11:00:57","date_gmt":"2025-12-18T10:00:57","guid":{"rendered":"https:\/\/lacidreriemarseillaise.com\/?page_id=2097"},"modified":"2025-12-18T11:07:04","modified_gmt":"2025-12-18T10:07:04","slug":"millesime-2024","status":"publish","type":"page","link":"https:\/\/lacidreriemarseillaise.com\/index.php\/millesime-2024\/","title":{"rendered":"Mill\u00e9sime 2024"},"content":{"rendered":"\t\t<div data-elementor-type=\"wp-page\" data-elementor-id=\"2097\" class=\"elementor elementor-2097\">\n\t\t\t\t\t\t\t\t\t<section class=\"elementor-section elementor-top-section elementor-element elementor-element-254d73ad elementor-section-boxed elementor-section-height-default elementor-section-height-default\" data-id=\"254d73ad\" data-element_type=\"section\">\n\t\t\t\t\t\t<div class=\"elementor-container elementor-column-gap-default\">\n\t\t\t\t\t<div class=\"elementor-column elementor-col-100 elementor-top-column elementor-element elementor-element-62356f10\" data-id=\"62356f10\" data-element_type=\"column\">\n\t\t\t<div class=\"elementor-widget-wrap elementor-element-populated\">\n\t\t\t\t\t\t\t\t<div class=\"elementor-element elementor-element-7e24836 elementor-widget elementor-widget-heading\" data-id=\"7e24836\" data-element_type=\"widget\" data-widget_type=\"heading.default\">\n\t\t\t\t<div class=\"elementor-widget-container\">\n\t\t\t<style>\/*! elementor - v3.6.5 - 27-04-2022 *\/\n.elementor-heading-title{padding:0;margin:0;line-height:1}.elementor-widget-heading .elementor-heading-title[class*=elementor-size-]>a{color:inherit;font-size:inherit;line-height:inherit}.elementor-widget-heading .elementor-heading-title.elementor-size-small{font-size:15px}.elementor-widget-heading .elementor-heading-title.elementor-size-medium{font-size:19px}.elementor-widget-heading .elementor-heading-title.elementor-size-large{font-size:29px}.elementor-widget-heading .elementor-heading-title.elementor-size-xl{font-size:39px}.elementor-widget-heading .elementor-heading-title.elementor-size-xxl{font-size:59px}<\/style><h2 class=\"elementor-heading-title elementor-size-default\">Assemblages <br>. 2024 . <\/h2>\t\t<\/div>\n\t\t\t\t<\/div>\n\t\t\t\t<div class=\"elementor-element elementor-element-8629843 elementor-widget elementor-widget-spacer\" data-id=\"8629843\" data-element_type=\"widget\" data-widget_type=\"spacer.default\">\n\t\t\t\t<div class=\"elementor-widget-container\">\n\t\t\t<style>\/*! elementor - v3.6.5 - 27-04-2022 *\/\n.e-container.e-container--row .elementor-spacer-inner{width:var(--spacer-size)}.e-container.e-container--column .elementor-spacer-inner,.elementor-column .elementor-spacer-inner{height:var(--spacer-size)}<\/style>\t\t<div class=\"elementor-spacer\">\n\t\t\t<div class=\"elementor-spacer-inner\"><\/div>\n\t\t<\/div>\n\t\t\t\t<\/div>\n\t\t\t\t<\/div>\n\t\t\t\t<div class=\"elementor-element elementor-element-b472832 elementor-widget elementor-widget-text-editor\" data-id=\"b472832\" data-element_type=\"widget\" data-widget_type=\"text-editor.default\">\n\t\t\t\t<div class=\"elementor-widget-container\">\n\t\t\t<style>\/*! elementor - v3.6.5 - 27-04-2022 *\/\n.elementor-widget-text-editor.elementor-drop-cap-view-stacked .elementor-drop-cap{background-color:#818a91;color:#fff}.elementor-widget-text-editor.elementor-drop-cap-view-framed .elementor-drop-cap{color:#818a91;border:3px solid;background-color:transparent}.elementor-widget-text-editor:not(.elementor-drop-cap-view-default) .elementor-drop-cap{margin-top:8px}.elementor-widget-text-editor:not(.elementor-drop-cap-view-default) .elementor-drop-cap-letter{width:1em;height:1em}.elementor-widget-text-editor .elementor-drop-cap{float:left;text-align:center;line-height:1;font-size:50px}.elementor-widget-text-editor .elementor-drop-cap-letter{display:inline-block}<\/style>\t\t\t\t<p> Des cidres atypiques \u00e9labor\u00e9s au centre ville de Marseille avec des pommes culinaires proven\u00e7ales assembl\u00e9es \u00e0\u00a0des pommes cidricoles normandes.<\/p>\t\t\t\t\t\t<\/div>\n\t\t\t\t<\/div>\n\t\t\t\t<div class=\"elementor-element elementor-element-d783f93 elementor-widget elementor-widget-text-editor\" data-id=\"d783f93\" data-element_type=\"widget\" data-widget_type=\"text-editor.default\">\n\t\t\t\t<div class=\"elementor-widget-container\">\n\t\t\t\t\t\t\t<p> Les cidres de la cidrerie marseillaise naissent de la rencontre entre des pommes de la r\u00e9gion Sud-PACA habituellement r\u00e9serv\u00e9es \u00e0 la table et des pommes de terroirs cidricoles riches en compos\u00e9s ph\u00e9noliques qui, lors de la fermentation, donnent du corps au cidre en enrichissant sa complexit\u00e9 aromatique.<\/p>\n<p> En 2024, du c\u00f4t\u00e9 de la Provence, ce sont les vari\u00e9t\u00e9s Goldrush, Opal et Lubee, r\u00e9colt\u00e9es \u00e0 la main dans des vergers de producteurs pionniers de l\u2019agriculture biologique aux pieds du Mont Ventoux, qui ont \u00e9t\u00e9 choisies pour leur potentiel aromatique, leur acidit\u00e9 et la qualit\u00e9 de leurs jus. <\/p>\n<p> Et pour les pommes cidricoles, c\u2019est dans des vergers certifi\u00e9s Demeter du Domfrontais, r\u00e9gion de Normandie r\u00e9put\u00e9e pour ses poir\u00e9s, que nous avons s\u00e9lectionn\u00e9 des vari\u00e9t\u00e9s traditionnelles plant\u00e9es en haute tige sur  terroir de schiste.<\/p>\n<p> Nous avons vari\u00e9 les proportions de mo\u00fbt proven\u00e7al et normand d\u00e8s la mise en cuve pour la premi\u00e8re fermentation. Et \u00e0 l\u2019issue de la deuxi\u00e8me fermentation en bouteille, chaque cidre a une typicit\u00e9 et une palette aromatique propres, qui engagent \u00e0 les go\u00fbter tous !<\/p>\t\t\t\t\t\t<\/div>\n\t\t\t\t<\/div>\n\t\t\t\t<div class=\"elementor-element elementor-element-87f2e06 elementor-widget elementor-widget-text-editor\" data-id=\"87f2e06\" data-element_type=\"widget\" data-widget_type=\"text-editor.default\">\n\t\t\t\t<div class=\"elementor-widget-container\">\n\t\t\t\t\t\t\t<p> LES CUV\u00c9ES 100%<\/p>\t\t\t\t\t\t<\/div>\n\t\t\t\t<\/div>\n\t\t\t\t<section class=\"elementor-section elementor-inner-section elementor-element elementor-element-2b40819 elementor-section-boxed elementor-section-height-default elementor-section-height-default\" data-id=\"2b40819\" data-element_type=\"section\">\n\t\t\t\t\t\t<div class=\"elementor-container elementor-column-gap-default\">\n\t\t\t\t\t<div class=\"elementor-column elementor-col-100 elementor-inner-column elementor-element elementor-element-3fff8fd\" data-id=\"3fff8fd\" data-element_type=\"column\">\n\t\t\t<div class=\"elementor-widget-wrap\">\n\t\t\t\t\t\t\t\t\t<\/div>\n\t\t<\/div>\n\t\t\t\t\t\t\t<\/div>\n\t\t<\/section>\n\t\t\t\t<section class=\"elementor-section elementor-inner-section elementor-element elementor-element-7a022e3 elementor-section-boxed elementor-section-height-default elementor-section-height-default\" data-id=\"7a022e3\" data-element_type=\"section\">\n\t\t\t\t\t\t<div class=\"elementor-container elementor-column-gap-default\">\n\t\t\t\t\t<div class=\"elementor-column elementor-col-50 elementor-inner-column elementor-element elementor-element-2d9b398\" data-id=\"2d9b398\" data-element_type=\"column\">\n\t\t\t<div class=\"elementor-widget-wrap elementor-element-populated\">\n\t\t\t\t\t\t\t\t<div class=\"elementor-element elementor-element-fa12cf9 elementor-widget elementor-widget-heading\" data-id=\"fa12cf9\" data-element_type=\"widget\" data-widget_type=\"heading.default\">\n\t\t\t\t<div class=\"elementor-widget-container\">\n\t\t\t<h2 class=\"elementor-heading-title elementor-size-default\"><span class=\"OYPEnA font-feature-liga-off font-feature-clig-off font-feature-calt-off text-decoration-none text-strikethrough-none\" style=\"color: rgb(1, 91, 170); font-weight: 400; font-kerning: none;\">. La cuv\u00e9e proven\u00e7ale .<\/span><\/h2>\t\t<\/div>\n\t\t\t\t<\/div>\n\t\t\t\t<div class=\"elementor-element elementor-element-50b6e21 elementor-widget elementor-widget-text-editor\" data-id=\"50b6e21\" data-element_type=\"widget\" data-widget_type=\"text-editor.default\">\n\t\t\t\t<div class=\"elementor-widget-container\">\n\t\t\t\t\t\t\t<p><span style=\"background-color: transparent; font-style: inherit; font-weight: inherit; color: var(--ast-global-color-3);\">&nbsp;<\/span><span style=\"background-color: transparent; font-style: inherit; font-weight: inherit; color: var(--ast-global-color-3);\">Travaill\u00e9 en extra brut, ce cidre proven\u00e7all nous emm\u00e8ne loin des sentiers cidricoles traditionnels. Trois vari\u00e9t\u00e9s sudistes de pommes culinaires dessinent un ensemble \u00e0 la robe claire et aux ar\u00f4mes d\u00e9licats. Une gorg\u00e9e de soleil tout en finesse qui convoque un vocalulaire vinicole delest\u00e9 de quelques debr\u00e9s d&rsquo;alcool.&nbsp;<\/span><\/p>\n<p><span class=\"a_GcMg font-feature-liga-off font-feature-clig-off font-feature-calt-off text-decoration-none text-strikethrough-none\" style=\"color: rgba(111,202,139,var(--O42jJQ,1)); caret-color: rgb(111, 202, 139); --Ys-XuQ: none; font-weight: 700; font-kerning: none;\">EXTRA BRUT . 8% . sucre r\u00e9siduel 1<\/span><span class=\"a_GcMg font-feature-liga-off font-feature-clig-off font-feature-calt-off text-decoration-none text-strikethrough-none\" style=\"color: rgba(111,202,139,var(--O42jJQ,1)); caret-color: rgb(111, 202, 139); --Ys-XuQ: none; font-weight: 700; font-kerning: none;\">1 g\/l .<\/span><\/p>\n<p><style type=\"text\/css\">p { margin-bottom: 0.25cm; line-height: 115%; background: transparent\u00a0<\/style>\n<\/p>\t\t\t\t\t\t<\/div>\n\t\t\t\t<\/div>\n\t\t\t\t\t<\/div>\n\t\t<\/div>\n\t\t\t\t<div class=\"elementor-column elementor-col-50 elementor-inner-column elementor-element elementor-element-4749e65\" data-id=\"4749e65\" data-element_type=\"column\">\n\t\t\t<div class=\"elementor-widget-wrap elementor-element-populated\">\n\t\t\t\t\t\t\t\t<div class=\"elementor-element elementor-element-dcb40d7 elementor-widget elementor-widget-image\" data-id=\"dcb40d7\" data-element_type=\"widget\" data-widget_type=\"image.default\">\n\t\t\t\t<div class=\"elementor-widget-container\">\n\t\t\t<style>\/*! elementor - v3.6.5 - 27-04-2022 *\/\n.elementor-widget-image{text-align:center}.elementor-widget-image a{display:inline-block}.elementor-widget-image a img[src$=\".svg\"]{width:48px}.elementor-widget-image img{vertical-align:middle;display:inline-block}<\/style>\t\t\t\t\t\t\t\t\t\t\t\t<img loading=\"lazy\" decoding=\"async\" width=\"300\" height=\"203\" src=\"https:\/\/lacidreriemarseillaise.com\/wp-content\/uploads\/2025\/12\/Etik-75cl-Cidre-2025-BAT-Vect-1_page-0001-300x203.jpg\" class=\"attachment-medium size-medium\" alt=\"\" srcset=\"https:\/\/lacidreriemarseillaise.com\/wp-content\/uploads\/2025\/12\/Etik-75cl-Cidre-2025-BAT-Vect-1_page-0001-300x203.jpg 300w, https:\/\/lacidreriemarseillaise.com\/wp-content\/uploads\/2025\/12\/Etik-75cl-Cidre-2025-BAT-Vect-1_page-0001-768x521.jpg 768w, https:\/\/lacidreriemarseillaise.com\/wp-content\/uploads\/2025\/12\/Etik-75cl-Cidre-2025-BAT-Vect-1_page-0001.jpg 826w\" sizes=\"auto, (max-width: 300px) 100vw, 300px\" \/>\t\t\t\t\t\t\t\t\t\t\t\t\t\t\t<\/div>\n\t\t\t\t<\/div>\n\t\t\t\t\t<\/div>\n\t\t<\/div>\n\t\t\t\t\t\t\t<\/div>\n\t\t<\/section>\n\t\t\t\t<div class=\"elementor-element elementor-element-1db4c5d elementor-widget elementor-widget-spacer\" data-id=\"1db4c5d\" data-element_type=\"widget\" data-widget_type=\"spacer.default\">\n\t\t\t\t<div class=\"elementor-widget-container\">\n\t\t\t\t\t<div class=\"elementor-spacer\">\n\t\t\t<div class=\"elementor-spacer-inner\"><\/div>\n\t\t<\/div>\n\t\t\t\t<\/div>\n\t\t\t\t<\/div>\n\t\t\t\t<section class=\"elementor-section elementor-inner-section elementor-element elementor-element-ae4bd11 elementor-section-boxed elementor-section-height-default elementor-section-height-default\" data-id=\"ae4bd11\" data-element_type=\"section\">\n\t\t\t\t\t\t<div class=\"elementor-container elementor-column-gap-default\">\n\t\t\t\t\t<div class=\"elementor-column elementor-col-50 elementor-inner-column elementor-element elementor-element-9508d62\" data-id=\"9508d62\" data-element_type=\"column\">\n\t\t\t<div class=\"elementor-widget-wrap elementor-element-populated\">\n\t\t\t\t\t\t\t\t<div class=\"elementor-element elementor-element-58ba32c elementor-widget elementor-widget-heading\" data-id=\"58ba32c\" data-element_type=\"widget\" data-widget_type=\"heading.default\">\n\t\t\t\t<div class=\"elementor-widget-container\">\n\t\t\t<h2 class=\"elementor-heading-title elementor-size-default\"><span class=\"OYPEnA font-feature-liga-off font-feature-clig-off font-feature-calt-off text-decoration-none text-strikethrough-none\" style=\"color: rgb(1, 91, 170); font-weight: 400; font-kerning: none;\">. La cuv\u00e9e originale .<\/span><\/h2>\t\t<\/div>\n\t\t\t\t<\/div>\n\t\t\t\t<div class=\"elementor-element elementor-element-3fac5de elementor-widget elementor-widget-text-editor\" data-id=\"3fac5de\" data-element_type=\"widget\" data-widget_type=\"text-editor.default\">\n\t\t\t\t<div class=\"elementor-widget-container\">\n\t\t\t\t\t\t\t<p>\u00c9labor\u00e9e avec cinq vari\u00e9t\u00e9s tardives de pommes cidricoles \u00e0 dominance douce-am\u00e8re, r\u00e9colt\u00e9es \u00e0 la main dans des vergers haute tiges du Domfrontais, ce cidre brut, \u00e9lev\u00e9 et mis en bouteille \u00e0 Marseille, rend pleinement hommage \u00e0 ses origines normandes en liant structure et gourmandise, corps et r\u00e9confort.<\/p>\n<p><span class=\"a_GcMg font-feature-liga-off font-feature-clig-off font-feature-calt-off text-decoration-none text-strikethrough-none\" style=\"color: rgba(111,202,139,var(--O42jJQ,1)); caret-color: rgb(111, 202, 139); --Ys-XuQ: none; font-weight: 700; font-kerning: none;\">BRUT . 6,5% . sucre r\u00e9siduel 21 g\/l .<\/span><\/p>\n<p><style type=\"text\/css\">p { margin-bottom: 0.25cm; line-height: 115%; background: transparent\u00a0<\/style>\n<\/p>\t\t\t\t\t\t<\/div>\n\t\t\t\t<\/div>\n\t\t\t\t\t<\/div>\n\t\t<\/div>\n\t\t\t\t<div class=\"elementor-column elementor-col-50 elementor-inner-column elementor-element elementor-element-d1fac96\" data-id=\"d1fac96\" data-element_type=\"column\">\n\t\t\t<div class=\"elementor-widget-wrap elementor-element-populated\">\n\t\t\t\t\t\t\t\t<div class=\"elementor-element elementor-element-69c7150 elementor-widget elementor-widget-image\" data-id=\"69c7150\" data-element_type=\"widget\" data-widget_type=\"image.default\">\n\t\t\t\t<div class=\"elementor-widget-container\">\n\t\t\t\t\t\t\t\t\t\t\t\t\t\t\t<img loading=\"lazy\" decoding=\"async\" width=\"300\" height=\"203\" src=\"https:\/\/lacidreriemarseillaise.com\/wp-content\/uploads\/2025\/12\/Etik-75cl-Cidre-2025-BAT-Vect-4_page-0001-300x203.jpg\" class=\"attachment-medium size-medium\" alt=\"\" srcset=\"https:\/\/lacidreriemarseillaise.com\/wp-content\/uploads\/2025\/12\/Etik-75cl-Cidre-2025-BAT-Vect-4_page-0001-300x203.jpg 300w, https:\/\/lacidreriemarseillaise.com\/wp-content\/uploads\/2025\/12\/Etik-75cl-Cidre-2025-BAT-Vect-4_page-0001-768x521.jpg 768w, https:\/\/lacidreriemarseillaise.com\/wp-content\/uploads\/2025\/12\/Etik-75cl-Cidre-2025-BAT-Vect-4_page-0001.jpg 826w\" sizes=\"auto, (max-width: 300px) 100vw, 300px\" \/>\t\t\t\t\t\t\t\t\t\t\t\t\t\t\t<\/div>\n\t\t\t\t<\/div>\n\t\t\t\t\t<\/div>\n\t\t<\/div>\n\t\t\t\t\t\t\t<\/div>\n\t\t<\/section>\n\t\t\t\t<div class=\"elementor-element elementor-element-d9bf92b elementor-widget elementor-widget-spacer\" data-id=\"d9bf92b\" data-element_type=\"widget\" data-widget_type=\"spacer.default\">\n\t\t\t\t<div class=\"elementor-widget-container\">\n\t\t\t\t\t<div class=\"elementor-spacer\">\n\t\t\t<div class=\"elementor-spacer-inner\"><\/div>\n\t\t<\/div>\n\t\t\t\t<\/div>\n\t\t\t\t<\/div>\n\t\t\t\t<div class=\"elementor-element elementor-element-f79cb3e elementor-widget elementor-widget-text-editor\" data-id=\"f79cb3e\" data-element_type=\"widget\" data-widget_type=\"text-editor.default\">\n\t\t\t\t<div class=\"elementor-widget-container\">\n\t\t\t\t\t\t\t<p> LES CUV\u00c9ES ASSEMBL\u00c9ES<\/p>\t\t\t\t\t\t<\/div>\n\t\t\t\t<\/div>\n\t\t\t\t<section class=\"elementor-section elementor-inner-section elementor-element elementor-element-845257a elementor-section-boxed elementor-section-height-default elementor-section-height-default\" data-id=\"845257a\" data-element_type=\"section\">\n\t\t\t\t\t\t<div class=\"elementor-container elementor-column-gap-default\">\n\t\t\t\t\t<div class=\"elementor-column elementor-col-50 elementor-inner-column elementor-element elementor-element-3a83981\" data-id=\"3a83981\" data-element_type=\"column\">\n\t\t\t<div class=\"elementor-widget-wrap elementor-element-populated\">\n\t\t\t\t\t\t\t\t<div class=\"elementor-element elementor-element-250b473 elementor-widget elementor-widget-heading\" data-id=\"250b473\" data-element_type=\"widget\" data-widget_type=\"heading.default\">\n\t\t\t\t<div class=\"elementor-widget-container\">\n\t\t\t<h2 class=\"elementor-heading-title elementor-size-default\">. Le 30\/70 .<\/h2>\t\t<\/div>\n\t\t\t\t<\/div>\n\t\t\t\t<div class=\"elementor-element elementor-element-37d8a05 elementor-widget elementor-widget-text-editor\" data-id=\"37d8a05\" data-element_type=\"widget\" data-widget_type=\"text-editor.default\">\n\t\t\t\t<div class=\"elementor-widget-container\">\n\t\t\t\t\t\t\t<p>Assemblage&nbsp;: 30 % de pommes proven\u00e7ales (Pied du Mont Ventoux) &amp; 70 % de pommes cidricoles normandes (Domfrontais)<\/p>\n<p><span style=\"color: rgba(0,0,0,var(--O42jJQ,1)); caret-color: rgb(0, 0, 0); --Ys-XuQ: none; font-kerning: none;\">Une pr\u00e9dominance normande pour ce cidre g\u00e9n\u00e9reux et puissant, travers\u00e9 par la finesse des pommes proven\u00e7ales qui lui apporte de la fra\u00eecheur.<\/span><span style=\"color: rgba(0,0,0,var(--O42jJQ,1)); caret-color: rgb(0, 0, 0); --Ys-XuQ: none; font-weight: 700; font-kerning: none;\"><\/span><\/p>\n<p><span style=\"color: rgba(111,202,139,var(--O42jJQ,1)); caret-color: rgb(111, 202, 139); --Ys-XuQ: none; font-weight: 700; font-kerning: none;\">EXTRA BRUT . 7,5% . sucre r\u00e9siduel 10 g\/l .<\/span><\/p>\n<p><style type=\"text\/css\">p { margin-bottom: 0.25cm; line-height: 115%; background: transparent\u00a0<\/style>\n<\/p>\t\t\t\t\t\t<\/div>\n\t\t\t\t<\/div>\n\t\t\t\t\t<\/div>\n\t\t<\/div>\n\t\t\t\t<div class=\"elementor-column elementor-col-50 elementor-inner-column elementor-element elementor-element-dbf61d9\" data-id=\"dbf61d9\" data-element_type=\"column\">\n\t\t\t<div class=\"elementor-widget-wrap elementor-element-populated\">\n\t\t\t\t\t\t\t\t<div class=\"elementor-element elementor-element-3dfb33a elementor-widget elementor-widget-image\" data-id=\"3dfb33a\" data-element_type=\"widget\" data-widget_type=\"image.default\">\n\t\t\t\t<div class=\"elementor-widget-container\">\n\t\t\t\t\t\t\t\t\t\t\t\t\t\t\t<img loading=\"lazy\" decoding=\"async\" width=\"300\" height=\"203\" src=\"https:\/\/lacidreriemarseillaise.com\/wp-content\/uploads\/2025\/12\/Etik-75cl-Cidre-2025-BAT-Vect-3_page-0001-300x203.jpg\" class=\"attachment-medium size-medium\" alt=\"\" srcset=\"https:\/\/lacidreriemarseillaise.com\/wp-content\/uploads\/2025\/12\/Etik-75cl-Cidre-2025-BAT-Vect-3_page-0001-300x203.jpg 300w, https:\/\/lacidreriemarseillaise.com\/wp-content\/uploads\/2025\/12\/Etik-75cl-Cidre-2025-BAT-Vect-3_page-0001-768x521.jpg 768w, https:\/\/lacidreriemarseillaise.com\/wp-content\/uploads\/2025\/12\/Etik-75cl-Cidre-2025-BAT-Vect-3_page-0001.jpg 826w\" sizes=\"auto, (max-width: 300px) 100vw, 300px\" \/>\t\t\t\t\t\t\t\t\t\t\t\t\t\t\t<\/div>\n\t\t\t\t<\/div>\n\t\t\t\t\t<\/div>\n\t\t<\/div>\n\t\t\t\t\t\t\t<\/div>\n\t\t<\/section>\n\t\t\t\t<div class=\"elementor-element elementor-element-6ec2cae elementor-widget elementor-widget-spacer\" data-id=\"6ec2cae\" data-element_type=\"widget\" data-widget_type=\"spacer.default\">\n\t\t\t\t<div class=\"elementor-widget-container\">\n\t\t\t\t\t<div class=\"elementor-spacer\">\n\t\t\t<div class=\"elementor-spacer-inner\"><\/div>\n\t\t<\/div>\n\t\t\t\t<\/div>\n\t\t\t\t<\/div>\n\t\t\t\t<div class=\"elementor-element elementor-element-dbd39c4 elementor-widget elementor-widget-spacer\" data-id=\"dbd39c4\" data-element_type=\"widget\" data-widget_type=\"spacer.default\">\n\t\t\t\t<div class=\"elementor-widget-container\">\n\t\t\t\t\t<div class=\"elementor-spacer\">\n\t\t\t<div class=\"elementor-spacer-inner\"><\/div>\n\t\t<\/div>\n\t\t\t\t<\/div>\n\t\t\t\t<\/div>\n\t\t\t\t<section class=\"elementor-section elementor-inner-section elementor-element elementor-element-2b20559 elementor-section-boxed elementor-section-height-default elementor-section-height-default\" data-id=\"2b20559\" data-element_type=\"section\">\n\t\t\t\t\t\t<div class=\"elementor-container elementor-column-gap-default\">\n\t\t\t\t\t<div class=\"elementor-column elementor-col-50 elementor-inner-column elementor-element elementor-element-c744e12\" data-id=\"c744e12\" data-element_type=\"column\">\n\t\t\t<div class=\"elementor-widget-wrap elementor-element-populated\">\n\t\t\t\t\t\t\t\t<div class=\"elementor-element elementor-element-7230d84 elementor-widget elementor-widget-heading\" data-id=\"7230d84\" data-element_type=\"widget\" data-widget_type=\"heading.default\">\n\t\t\t\t<div class=\"elementor-widget-container\">\n\t\t\t<h2 class=\"elementor-heading-title elementor-size-default\">. Le 70\\30 .<\/h2>\t\t<\/div>\n\t\t\t\t<\/div>\n\t\t\t\t<div class=\"elementor-element elementor-element-f836db8 elementor-widget elementor-widget-text-editor\" data-id=\"f836db8\" data-element_type=\"widget\" data-widget_type=\"text-editor.default\">\n\t\t\t\t<div class=\"elementor-widget-container\">\n\t\t\t\t\t\t\t<p>Assemblage&nbsp;: 70 % de pommes proven\u00e7ales (Pied du Mont Ventoux) &amp; 30 % de pommes cidricoles normandes (Domfrontais)<\/p>\n<p><span style=\"color: rgba(0,0,0,var(--O42jJQ,1)); caret-color: rgb(0, 0, 0); --Ys-XuQ: none; font-kerning: none;\">L\u2019avantage va pour la Provence dans ce cidre ultra brut qui offre un franc d\u00e9paysement dans sa structure comme dans son aromatique. Sec et contrast\u00e9, c\u2019est un ultra qui sait pr\u00e9server la finesse sur les chemins de l\u2019ivresse.<\/span><\/p>\n<div><span style=\"color: rgba(111,202,139,var(--O42jJQ,1)); caret-color: rgb(111, 202, 139); --Ys-XuQ: none; font-weight: 700; font-kerning: none;\">ULTRA BRUT . 8.5% . sucre r\u00e9siduel &gt; 1 g\/l .<\/span><\/div>\n<style type=\"text\/css\">p { margin-bottom: 0.25cm; line-height: 115%; background: transparent }<\/style>\t\t\t\t\t\t<\/div>\n\t\t\t\t<\/div>\n\t\t\t\t\t<\/div>\n\t\t<\/div>\n\t\t\t\t<div class=\"elementor-column elementor-col-50 elementor-inner-column elementor-element elementor-element-665ad4f\" data-id=\"665ad4f\" data-element_type=\"column\">\n\t\t\t<div class=\"elementor-widget-wrap elementor-element-populated\">\n\t\t\t\t\t\t\t\t<div class=\"elementor-element elementor-element-303569c elementor-widget elementor-widget-image\" data-id=\"303569c\" data-element_type=\"widget\" data-widget_type=\"image.default\">\n\t\t\t\t<div class=\"elementor-widget-container\">\n\t\t\t\t\t\t\t\t\t\t\t\t\t\t\t<img loading=\"lazy\" decoding=\"async\" width=\"300\" height=\"203\" src=\"https:\/\/lacidreriemarseillaise.com\/wp-content\/uploads\/2025\/12\/Etik-75cl-Cidre-2025-BAT-Vect-2_page-0001-300x203.jpg\" class=\"attachment-medium size-medium\" alt=\"\" srcset=\"https:\/\/lacidreriemarseillaise.com\/wp-content\/uploads\/2025\/12\/Etik-75cl-Cidre-2025-BAT-Vect-2_page-0001-300x203.jpg 300w, https:\/\/lacidreriemarseillaise.com\/wp-content\/uploads\/2025\/12\/Etik-75cl-Cidre-2025-BAT-Vect-2_page-0001-768x521.jpg 768w, https:\/\/lacidreriemarseillaise.com\/wp-content\/uploads\/2025\/12\/Etik-75cl-Cidre-2025-BAT-Vect-2_page-0001.jpg 826w\" sizes=\"auto, (max-width: 300px) 100vw, 300px\" \/>\t\t\t\t\t\t\t\t\t\t\t\t\t\t\t<\/div>\n\t\t\t\t<\/div>\n\t\t\t\t\t<\/div>\n\t\t<\/div>\n\t\t\t\t\t\t\t<\/div>\n\t\t<\/section>\n\t\t\t\t\t<\/div>\n\t\t<\/div>\n\t\t\t\t\t\t\t<\/div>\n\t\t<\/section>\n\t\t\t\t\t\t\t<\/div>\n\t\t","protected":false},"excerpt":{"rendered":"<p>Assemblages . 2024 . Des cidres atypiques \u00e9labor\u00e9s au centre ville de Marseille avec des pommes culinaires proven\u00e7ales assembl\u00e9es \u00e0\u00a0des pommes cidricoles normandes. Les cidres de la cidrerie marseillaise naissent de la rencontre entre des pommes de la r\u00e9gion Sud-PACA habituellement r\u00e9serv\u00e9es \u00e0 la table et des pommes de terroirs cidricoles riches en compos\u00e9s ph\u00e9noliques &hellip;<\/p>\n<p class=\"read-more\"> <a class=\"\" href=\"https:\/\/lacidreriemarseillaise.com\/index.php\/millesime-2024\/\"> <span class=\"screen-reader-text\">Mill\u00e9sime 2024<\/span> Lire la suite\u00a0\u00bb<\/a><\/p>\n","protected":false},"author":1,"featured_media":0,"parent":0,"menu_order":2,"comment_status":"closed","ping_status":"closed","template":"","meta":{"site-sidebar-layout":"no-sidebar","site-content-layout":"default","ast-global-header-display":"","ast-main-header-display":"","ast-hfb-above-header-display":"","ast-hfb-below-header-display":"","ast-hfb-mobile-header-display":"","site-post-title":"disabled","ast-breadcrumbs-content":"","ast-featured-img":"","footer-sml-layout":"","theme-transparent-header-meta":"","adv-header-id-meta":"","stick-header-meta":"","header-above-stick-meta":"","header-main-stick-meta":"","header-below-stick-meta":"","footnotes":""},"class_list":["post-2097","page","type-page","status-publish","hentry"],"_links":{"self":[{"href":"https:\/\/lacidreriemarseillaise.com\/index.php\/wp-json\/wp\/v2\/pages\/2097","targetHints":{"allow":["GET"]}}],"collection":[{"href":"https:\/\/lacidreriemarseillaise.com\/index.php\/wp-json\/wp\/v2\/pages"}],"about":[{"href":"https:\/\/lacidreriemarseillaise.com\/index.php\/wp-json\/wp\/v2\/types\/page"}],"author":[{"embeddable":true,"href":"https:\/\/lacidreriemarseillaise.com\/index.php\/wp-json\/wp\/v2\/users\/1"}],"replies":[{"embeddable":true,"href":"https:\/\/lacidreriemarseillaise.com\/index.php\/wp-json\/wp\/v2\/comments?post=2097"}],"version-history":[{"count":19,"href":"https:\/\/lacidreriemarseillaise.com\/index.php\/wp-json\/wp\/v2\/pages\/2097\/revisions"}],"predecessor-version":[{"id":2120,"href":"https:\/\/lacidreriemarseillaise.com\/index.php\/wp-json\/wp\/v2\/pages\/2097\/revisions\/2120"}],"wp:attachment":[{"href":"https:\/\/lacidreriemarseillaise.com\/index.php\/wp-json\/wp\/v2\/media?parent=2097"}],"curies":[{"name":"wp","href":"https:\/\/api.w.org\/{rel}","templated":true}]}}